{"id":1288,"date":"2021-12-09T08:01:17","date_gmt":"2021-12-09T07:01:17","guid":{"rendered":"https:\/\/www.lavinya5.eu\/resort-surroundings\/"},"modified":"2021-12-20T17:32:33","modified_gmt":"2021-12-20T16:32:33","slug":"resort-surroundings","status":"publish","type":"page","link":"https:\/\/www.lavinya5.eu\/es\/resort-surroundings\/","title":{"rendered":"PGA Resort y sus alrededores"},"content":{"rendered":"\t\t<div data-elementor-type=\"wp-page\" data-elementor-id=\"1288\" class=\"elementor elementor-1288\" data-elementor-post-type=\"page\">\n\t\t\t\t\t\t<section class=\"elementor-section elementor-top-section elementor-element elementor-element-5b2f360 elementor-section-boxed elementor-section-height-default elementor-section-height-default\" data-id=\"5b2f360\" data-element_type=\"section\" data-e-type=\"section\">\n\t\t\t\t\t\t<div class=\"elementor-container elementor-column-gap-default\">\n\t\t\t\t\t<div class=\"elementor-column elementor-col-100 elementor-top-column elementor-element elementor-element-5f318cf\" data-id=\"5f318cf\" data-element_type=\"column\" data-e-type=\"column\">\n\t\t\t<div class=\"elementor-widget-wrap elementor-element-populated\">\n\t\t\t\t\t\t<div class=\"elementor-element elementor-element-2760f45 elementor-align-justify elementor-widget elementor-widget-button\" data-id=\"2760f45\" data-element_type=\"widget\" data-e-type=\"widget\" data-widget_type=\"button.default\">\n\t\t\t\t<div class=\"elementor-widget-container\">\n\t\t\t\t\t\t\t\t\t<div class=\"elementor-button-wrapper\">\n\t\t\t\t\t<a class=\"elementor-button elementor-button-link elementor-size-lg\" href=\"#\">\n\t\t\t\t\t\t<span class=\"elementor-button-content-wrapper\">\n\t\t\t\t\t\t\t\t\t<span class=\"elementor-button-text\">PGA CATALUNYA GOLF AND WELLNESS<\/span>\n\t\t\t\t\t<\/span>\n\t\t\t\t\t<\/a>\n\t\t\t\t<\/div>\n\t\t\t\t\t\t\t\t<\/div>\n\t\t\t\t<\/div>\n\t\t\t\t\t<\/div>\n\t\t<\/div>\n\t\t\t\t\t<\/div>\n\t\t<\/section>\n\t\t\t\t<section class=\"elementor-section elementor-top-section elementor-element elementor-element-d82a175 elementor-section-boxed elementor-section-height-default elementor-section-height-default\" data-id=\"d82a175\" data-element_type=\"section\" data-e-type=\"section\">\n\t\t\t\t\t\t<div class=\"elementor-container elementor-column-gap-default\">\n\t\t\t\t\t<div class=\"elementor-column elementor-col-50 elementor-top-column elementor-element elementor-element-a06e5eb\" data-id=\"a06e5eb\" data-element_type=\"column\" data-e-type=\"column\">\n\t\t\t<div class=\"elementor-widget-wrap elementor-element-populated\">\n\t\t\t\t\t\t<div class=\"elementor-element elementor-element-d7f1a7b elementor-widget elementor-widget-text-editor\" data-id=\"d7f1a7b\" data-element_type=\"widget\" data-e-type=\"widget\" data-widget_type=\"text-editor.default\">\n\t\t\t\t<div class=\"elementor-widget-container\">\n\t\t\t\t\t\t\t\t\t<p>PGA Catalunya Golf and Wellness es uno de los Resort l\u00edderes mundiales en cuanto a equipaci\u00f3n y servicios ofrecidos a residentes y hu\u00e9spedes.\u00a0<\/p><p>El complejo ofrece dos campos de golf de competici\u00f3n, un hotel de lujo 5 estrellas, una amplia oferta gatr\u00f3nomica, actividades al aire libre, club infantil y hasta un bosque aventura para toda la familia. Otras actividades de ocio son paseos en bicicleta, rutas de senderismo y a caballo en las monta\u00f1as y bosques cercanos.\u00a0Adem\u00e1s, el nuevo Wellness Centre dispone de una gran gama de tratamientos de belleza y bienestar para los hu\u00e9spedes.\u00a0<\/p><p>El Resort es l\u00edder en planificaci\u00f3n medioambiental y cuenta con sus propias abejas, jardines org\u00e1nicos y vi\u00f1edos propios.\u00a0<\/p><header><h5>PGA WELLNESS CENTRE<\/h5><p>Abierto en 2021, el moderno wellness centre del PGA ofrece los m\u00e1s innovadores tratamientos de belleza y bienestar para los hu\u00e9spedes.\u00a0<\/p><\/header><header><p><a href=\"https:\/\/www.lavinya5.eu\/wp-content\/uploads\/2021\/12\/wellness-centre-menu-ES-1.pdf\">Click AQU\u00cd para descargar el cat\u00e1logo<\/a><\/p><h5>SEGURIDAD<\/h5><section><p>El Resort est\u00e1 vigilado por un equipo de seguridad 24 horas.\u00a0<\/p><p>Propietarios, hu\u00e9spedes y visitantes pueden confiar en una tranquila estancia sabiendo que cuentan las 24 horas del d\u00eda con la seguridad del PGA Catalunya Golf y Wellness.<\/p><\/section><\/header><section><section><header><h5>CLUB INFANTIL NICO<\/h5><\/header><section><p>En el coraz\u00f3n del Resort, el club de Nico es el para\u00edso de los m\u00e1s peque\u00f1os. El Club abre diariamente de 3 a 12 a\u00f1os (no acompa\u00f1ados), para participar de una amplia variedad de emocionantes actividades.<\/p><header><h5>PURE FOOD MARKET<\/h5><\/header><section><p>Mucho m\u00e1s que un mini market local, Pure Food Market ofrece productos locales y delicatessen\u00a0 oara hacer tu estancia verdaderamente local. Una selecci\u00f3n de productos b\u00e1sicos tambi\u00e9n est\u00e1 disponible para dar respuesta a sus necesidades.\u00a0<\/p><header><\/header><section><\/section><\/section><\/section><\/section><\/section>\t\t\t\t\t\t\t\t<\/div>\n\t\t\t\t<\/div>\n\t\t\t\t\t<\/div>\n\t\t<\/div>\n\t\t\t\t<div class=\"elementor-column elementor-col-50 elementor-top-column elementor-element elementor-element-2733d0b\" data-id=\"2733d0b\" data-element_type=\"column\" data-e-type=\"column\">\n\t\t\t<div class=\"elementor-widget-wrap elementor-element-populated\">\n\t\t\t\t\t\t<div class=\"elementor-element elementor-element-d6750c6 elementor-widget elementor-widget-image\" data-id=\"d6750c6\" data-element_type=\"widget\" data-e-type=\"widget\" data-widget_type=\"image.default\">\n\t\t\t\t<div class=\"elementor-widget-container\">\n\t\t\t\t\t\t\t\t\t\t\t\t\t\t\t\t<a href=\"https:\/\/www.pgacatalunya.com\/\">\n\t\t\t\t\t\t\t<img fetchpriority=\"high\" decoding=\"async\" width=\"459\" height=\"271\" src=\"https:\/\/www.lavinya5.eu\/wp-content\/uploads\/2021\/12\/logoPGA.png\" class=\"attachment-large size-large wp-image-1221\" alt=\"\" srcset=\"https:\/\/www.lavinya5.eu\/wp-content\/uploads\/2021\/12\/logoPGA.png 459w, https:\/\/www.lavinya5.eu\/wp-content\/uploads\/2021\/12\/logoPGA-300x177.png 300w\" sizes=\"(max-width: 459px) 100vw, 459px\" \/>\t\t\t\t\t\t\t\t<\/a>\n\t\t\t\t\t\t\t\t\t\t\t\t\t\t\t<\/div>\n\t\t\t\t<\/div>\n\t\t\t\t<div class=\"elementor-element elementor-element-8b4e1c8 elementor-widget elementor-widget-image\" data-id=\"8b4e1c8\" data-element_type=\"widget\" data-e-type=\"widget\" data-widget_type=\"image.default\">\n\t\t\t\t<div class=\"elementor-widget-container\">\n\t\t\t\t\t\t\t\t\t\t\t\t\t\t\t<img decoding=\"async\" width=\"1024\" height=\"732\" src=\"https:\/\/www.lavinya5.eu\/wp-content\/uploads\/2021\/12\/PGA-1024x732.jpeg\" class=\"attachment-large size-large wp-image-1224\" alt=\"\" srcset=\"https:\/\/www.lavinya5.eu\/wp-content\/uploads\/2021\/12\/PGA-1024x732.jpeg 1024w, https:\/\/www.lavinya5.eu\/wp-content\/uploads\/2021\/12\/PGA-300x215.jpeg 300w, https:\/\/www.lavinya5.eu\/wp-content\/uploads\/2021\/12\/PGA-768x549.jpeg 768w, https:\/\/www.lavinya5.eu\/wp-content\/uploads\/2021\/12\/PGA-1536x1098.jpeg 1536w, https:\/\/www.lavinya5.eu\/wp-content\/uploads\/2021\/12\/PGA.jpeg 1600w\" sizes=\"(max-width: 1024px) 100vw, 1024px\" \/>\t\t\t\t\t\t\t\t\t\t\t\t\t\t\t<\/div>\n\t\t\t\t<\/div>\n\t\t\t\t<div class=\"elementor-element elementor-element-9da9de8 elementor-widget elementor-widget-image\" data-id=\"9da9de8\" data-element_type=\"widget\" data-e-type=\"widget\" data-widget_type=\"image.default\">\n\t\t\t\t<div class=\"elementor-widget-container\">\n\t\t\t\t\t\t\t\t\t\t\t\t\t\t\t<img decoding=\"async\" width=\"1024\" height=\"768\" src=\"https:\/\/www.lavinya5.eu\/wp-content\/uploads\/2021\/12\/IMG_7210-1024x768.jpg\" class=\"attachment-large size-large wp-image-1251\" alt=\"\" srcset=\"https:\/\/www.lavinya5.eu\/wp-content\/uploads\/2021\/12\/IMG_7210-1024x768.jpg 1024w, https:\/\/www.lavinya5.eu\/wp-content\/uploads\/2021\/12\/IMG_7210-300x225.jpg 300w, https:\/\/www.lavinya5.eu\/wp-content\/uploads\/2021\/12\/IMG_7210-768x576.jpg 768w, https:\/\/www.lavinya5.eu\/wp-content\/uploads\/2021\/12\/IMG_7210-1536x1152.jpg 1536w, https:\/\/www.lavinya5.eu\/wp-content\/uploads\/2021\/12\/IMG_7210-2048x1536.jpg 2048w\" sizes=\"(max-width: 1024px) 100vw, 1024px\" \/>\t\t\t\t\t\t\t\t\t\t\t\t\t\t\t<\/div>\n\t\t\t\t<\/div>\n\t\t\t\t\t<\/div>\n\t\t<\/div>\n\t\t\t\t\t<\/div>\n\t\t<\/section>\n\t\t\t\t<section class=\"elementor-section elementor-top-section elementor-element elementor-element-4b9bcc2 elementor-section-boxed elementor-section-height-default elementor-section-height-default\" data-id=\"4b9bcc2\" data-element_type=\"section\" data-e-type=\"section\">\n\t\t\t\t\t\t<div class=\"elementor-container elementor-column-gap-default\">\n\t\t\t\t\t<div class=\"elementor-column elementor-col-100 elementor-top-column elementor-element elementor-element-ae30af2\" data-id=\"ae30af2\" data-element_type=\"column\" data-e-type=\"column\">\n\t\t\t<div class=\"elementor-widget-wrap\">\n\t\t\t\t\t\t\t<\/div>\n\t\t<\/div>\n\t\t\t\t\t<\/div>\n\t\t<\/section>\n\t\t\t\t<section class=\"elementor-section elementor-top-section elementor-element elementor-element-133b6af elementor-section-boxed elementor-section-height-default elementor-section-height-default\" data-id=\"133b6af\" data-element_type=\"section\" data-e-type=\"section\">\n\t\t\t\t\t\t<div class=\"elementor-container elementor-column-gap-default\">\n\t\t\t\t\t<div class=\"elementor-column elementor-col-100 elementor-top-column elementor-element elementor-element-47a5420\" data-id=\"47a5420\" data-element_type=\"column\" data-e-type=\"column\">\n\t\t\t<div class=\"elementor-widget-wrap elementor-element-populated\">\n\t\t\t\t\t\t<div class=\"elementor-element elementor-element-df5c3dc elementor-align-justify elementor-widget elementor-widget-button\" data-id=\"df5c3dc\" data-element_type=\"widget\" data-e-type=\"widget\" data-widget_type=\"button.default\">\n\t\t\t\t<div class=\"elementor-widget-container\">\n\t\t\t\t\t\t\t\t\t<div class=\"elementor-button-wrapper\">\n\t\t\t\t\t<a class=\"elementor-button elementor-button-link elementor-size-lg\" href=\"#\">\n\t\t\t\t\t\t<span class=\"elementor-button-content-wrapper\">\n\t\t\t\t\t\t\t\t\t<span class=\"elementor-button-text\">SURROUNDINGS AND USEFUL LINKS<\/span>\n\t\t\t\t\t<\/span>\n\t\t\t\t\t<\/a>\n\t\t\t\t<\/div>\n\t\t\t\t\t\t\t\t<\/div>\n\t\t\t\t<\/div>\n\t\t\t\t\t<\/div>\n\t\t<\/div>\n\t\t\t\t\t<\/div>\n\t\t<\/section>\n\t\t\t\t<section class=\"elementor-section elementor-top-section elementor-element elementor-element-fc7bd62 elementor-section-boxed elementor-section-height-default elementor-section-height-default\" data-id=\"fc7bd62\" data-element_type=\"section\" data-e-type=\"section\">\n\t\t\t\t\t\t<div class=\"elementor-container elementor-column-gap-default\">\n\t\t\t\t\t<div class=\"elementor-column elementor-col-50 elementor-top-column elementor-element elementor-element-1c3938e\" data-id=\"1c3938e\" data-element_type=\"column\" data-e-type=\"column\">\n\t\t\t<div class=\"elementor-widget-wrap elementor-element-populated\">\n\t\t\t\t\t\t<div class=\"elementor-element elementor-element-7f15150 elementor-widget elementor-widget-image\" data-id=\"7f15150\" data-element_type=\"widget\" data-e-type=\"widget\" data-widget_type=\"image.default\">\n\t\t\t\t<div class=\"elementor-widget-container\">\n\t\t\t\t\t\t\t\t\t\t\t\t\t\t\t<img loading=\"lazy\" decoding=\"async\" width=\"840\" height=\"1024\" src=\"https:\/\/www.lavinya5.eu\/wp-content\/uploads\/2021\/11\/Alrededores-840x1024.jpg\" class=\"attachment-large size-large wp-image-1047\" alt=\"\" srcset=\"https:\/\/www.lavinya5.eu\/wp-content\/uploads\/2021\/11\/Alrededores-840x1024.jpg 840w, https:\/\/www.lavinya5.eu\/wp-content\/uploads\/2021\/11\/Alrededores-246x300.jpg 246w, https:\/\/www.lavinya5.eu\/wp-content\/uploads\/2021\/11\/Alrededores-768x936.jpg 768w, https:\/\/www.lavinya5.eu\/wp-content\/uploads\/2021\/11\/Alrededores-1260x1536.jpg 1260w\" sizes=\"(max-width: 840px) 100vw, 840px\" \/>\t\t\t\t\t\t\t\t\t\t\t\t\t\t\t<\/div>\n\t\t\t\t<\/div>\n\t\t\t\t\t<\/div>\n\t\t<\/div>\n\t\t\t\t<div class=\"elementor-column elementor-col-50 elementor-top-column elementor-element elementor-element-7f05991\" data-id=\"7f05991\" data-element_type=\"column\" data-e-type=\"column\">\n\t\t\t<div class=\"elementor-widget-wrap elementor-element-populated\">\n\t\t\t\t\t\t<div class=\"elementor-element elementor-element-5791222 elementor-widget elementor-widget-text-editor\" data-id=\"5791222\" data-element_type=\"widget\" data-e-type=\"widget\" data-widget_type=\"text-editor.default\">\n\t\t\t\t<div class=\"elementor-widget-container\">\n\t\t\t\t\t\t\t\t\t<p>Antes de su llegada a La Vinya le facilitaremos una completa gu\u00eda con recomendaciones de restaurantes y lugares de inter\u00e9s tur\u00edstico y paisaj\u00edstico. Tambi\u00e9n recibir\u00e1 un cat\u00e1logo con toda la oferta de servicios y actividades que podemos facilitarles durante su estancia.<\/p><p>A continuaci\u00f3n, unos enlaces a webs con informaci\u00f3n tur\u00edstica de la zona:<\/p><p>https:\/\/www.visitacostabrava.com\/es<\/p><p><a href=\"https:\/\/www.catalunya.com\/patronat-de-turisme-costa-brava-girona-20-3-21?language=es\">https:\/\/www.catalunya.com\/patronat-de-turisme-costa-brava-girona-20-3-21?language=es<\/a><\/p><p><a href=\"https:\/\/www.girona.cat\/turisme\/esp\/index.php\">https:\/\/www.girona.cat\/turisme\/esp\/index.php<\/a><\/p><p><a href=\"https:\/\/es.costabrava.org\/\">https:\/\/es.costabrava.org\/<\/a><\/p><p><a href=\"https:\/\/caldesdemalavella.cat\/index.php\/es\/\">https:\/\/caldesdemalavella.cat\/index.php\/es\/<\/a><\/p><p><a href=\"http:\/\/www.camideronda.com\/es\/inici.html\">http:\/\/www.camideronda.com\/es\/inici.html<\/a><\/p>\t\t\t\t\t\t\t\t<\/div>\n\t\t\t\t<\/div>\n\t\t\t\t\t<\/div>\n\t\t<\/div>\n\t\t\t\t\t<\/div>\n\t\t<\/section>\n\t\t\t\t<\/div>\n\t\t","protected":false},"excerpt":{"rendered":"<p>PGA CATALUNYA GOLF AND WELLNESS PGA Catalunya Golf and Wellness es uno de los Resort l\u00edderes mundiales en cuanto a equipaci\u00f3n y servicios ofrecidos a residentes y hu\u00e9spedes.\u00a0 El complejo ofrece dos campos de golf de competici\u00f3n, un hotel de lujo 5 estrellas, una amplia oferta gatr\u00f3nomica, actividades al aire libre, club infantil y hasta&hellip;&nbsp;<a href=\"https:\/\/www.lavinya5.eu\/es\/resort-surroundings\/\" class=\"\" rel=\"bookmark\">Leer m\u00e1s &raquo;<span class=\"screen-reader-text\">PGA Resort y sus alrededores<\/span><\/a><\/p>\n","protected":false},"author":2,"featured_media":0,"parent":0,"menu_order":0,"comment_status":"closed","ping_status":"closed","template":"","meta":{"neve_meta_sidebar":"","neve_meta_container":"","neve_meta_enable_content_width":"","neve_meta_content_width":0,"neve_meta_title_alignment":"","neve_meta_author_avatar":"","neve_post_elements_order":"","neve_meta_disable_header":"","neve_meta_disable_footer":"","neve_meta_disable_title":"","footnotes":""},"class_list":["post-1288","page","type-page","status-publish","hentry"],"yoast_head":"<!-- This site is optimized with the Yoast SEO plugin v27.4 - https:\/\/yoast.com\/product\/yoast-seo-wordpress\/ -->\n<title>PGA Resort y sus alrededores - Villa Lavinya 5<\/title>\n<meta name=\"robots\" content=\"index, follow, max-snippet:-1, max-image-preview:large, max-video-preview:-1\" \/>\n<link rel=\"canonical\" href=\"https:\/\/www.lavinya5.eu\/es\/resort-surroundings\/\" \/>\n<meta property=\"og:locale\" content=\"es_ES\" \/>\n<meta property=\"og:type\" content=\"article\" \/>\n<meta property=\"og:title\" content=\"PGA Resort y sus alrededores - Villa Lavinya 5\" \/>\n<meta property=\"og:description\" content=\"PGA CATALUNYA GOLF AND WELLNESS PGA Catalunya Golf and Wellness es uno de los Resort l\u00edderes mundiales en cuanto a equipaci\u00f3n y servicios ofrecidos a residentes y hu\u00e9spedes.\u00a0 El complejo ofrece dos campos de golf de competici\u00f3n, un hotel de lujo 5 estrellas, una amplia oferta gatr\u00f3nomica, actividades al aire libre, club infantil y hasta&hellip;&nbsp;Leer m\u00e1s &raquo;PGA Resort y sus alrededores\" \/>\n<meta property=\"og:url\" content=\"https:\/\/www.lavinya5.eu\/es\/resort-surroundings\/\" \/>\n<meta property=\"og:site_name\" content=\"Villa Lavinya 5\" \/>\n<meta property=\"article:modified_time\" content=\"2021-12-20T16:32:33+00:00\" \/>\n<meta property=\"og:image\" content=\"https:\/\/www.lavinya5.eu\/wp-content\/uploads\/2021\/12\/logoPGA.png\" \/>\n<meta name=\"twitter:card\" content=\"summary_large_image\" \/>\n<meta name=\"twitter:label1\" content=\"Tiempo de lectura\" \/>\n\t<meta name=\"twitter:data1\" content=\"3 minutos\" \/>\n<script type=\"application\/ld+json\" class=\"yoast-schema-graph\">{\"@context\":\"https:\\\/\\\/schema.org\",\"@graph\":[{\"@type\":\"WebPage\",\"@id\":\"https:\\\/\\\/www.lavinya5.eu\\\/es\\\/resort-surroundings\\\/\",\"url\":\"https:\\\/\\\/www.lavinya5.eu\\\/es\\\/resort-surroundings\\\/\",\"name\":\"PGA Resort y sus alrededores - Villa Lavinya 5\",\"isPartOf\":{\"@id\":\"https:\\\/\\\/www.lavinya5.eu\\\/#website\"},\"primaryImageOfPage\":{\"@id\":\"https:\\\/\\\/www.lavinya5.eu\\\/es\\\/resort-surroundings\\\/#primaryimage\"},\"image\":{\"@id\":\"https:\\\/\\\/www.lavinya5.eu\\\/es\\\/resort-surroundings\\\/#primaryimage\"},\"thumbnailUrl\":\"https:\\\/\\\/www.lavinya5.eu\\\/wp-content\\\/uploads\\\/2021\\\/12\\\/logoPGA.png\",\"datePublished\":\"2021-12-09T07:01:17+00:00\",\"dateModified\":\"2021-12-20T16:32:33+00:00\",\"breadcrumb\":{\"@id\":\"https:\\\/\\\/www.lavinya5.eu\\\/es\\\/resort-surroundings\\\/#breadcrumb\"},\"inLanguage\":\"es\",\"potentialAction\":[{\"@type\":\"ReadAction\",\"target\":[\"https:\\\/\\\/www.lavinya5.eu\\\/es\\\/resort-surroundings\\\/\"]}]},{\"@type\":\"ImageObject\",\"inLanguage\":\"es\",\"@id\":\"https:\\\/\\\/www.lavinya5.eu\\\/es\\\/resort-surroundings\\\/#primaryimage\",\"url\":\"https:\\\/\\\/www.lavinya5.eu\\\/wp-content\\\/uploads\\\/2021\\\/12\\\/logoPGA.png\",\"contentUrl\":\"https:\\\/\\\/www.lavinya5.eu\\\/wp-content\\\/uploads\\\/2021\\\/12\\\/logoPGA.png\"},{\"@type\":\"BreadcrumbList\",\"@id\":\"https:\\\/\\\/www.lavinya5.eu\\\/es\\\/resort-surroundings\\\/#breadcrumb\",\"itemListElement\":[{\"@type\":\"ListItem\",\"position\":1,\"name\":\"Home\",\"item\":\"https:\\\/\\\/www.lavinya5.eu\\\/es\\\/\"},{\"@type\":\"ListItem\",\"position\":2,\"name\":\"PGA Resort y sus alrededores\"}]},{\"@type\":\"WebSite\",\"@id\":\"https:\\\/\\\/www.lavinya5.eu\\\/#website\",\"url\":\"https:\\\/\\\/www.lavinya5.eu\\\/\",\"name\":\"Villa Lavinya 5\",\"description\":\"Paradise Made Real\",\"publisher\":{\"@id\":\"https:\\\/\\\/www.lavinya5.eu\\\/#organization\"},\"potentialAction\":[{\"@type\":\"SearchAction\",\"target\":{\"@type\":\"EntryPoint\",\"urlTemplate\":\"https:\\\/\\\/www.lavinya5.eu\\\/?s={search_term_string}\"},\"query-input\":{\"@type\":\"PropertyValueSpecification\",\"valueRequired\":true,\"valueName\":\"search_term_string\"}}],\"inLanguage\":\"es\"},{\"@type\":\"Organization\",\"@id\":\"https:\\\/\\\/www.lavinya5.eu\\\/#organization\",\"name\":\"Villa Lavinya 5\",\"url\":\"https:\\\/\\\/www.lavinya5.eu\\\/\",\"logo\":{\"@type\":\"ImageObject\",\"inLanguage\":\"es\",\"@id\":\"https:\\\/\\\/www.lavinya5.eu\\\/#\\\/schema\\\/logo\\\/image\\\/\",\"url\":\"https:\\\/\\\/www.lavinya5.eu\\\/wp-content\\\/uploads\\\/2021\\\/11\\\/la-vinya-5_CMJN_anthracite.jpg\",\"contentUrl\":\"https:\\\/\\\/www.lavinya5.eu\\\/wp-content\\\/uploads\\\/2021\\\/11\\\/la-vinya-5_CMJN_anthracite.jpg\",\"width\":2461,\"height\":1517,\"caption\":\"Villa Lavinya 5\"},\"image\":{\"@id\":\"https:\\\/\\\/www.lavinya5.eu\\\/#\\\/schema\\\/logo\\\/image\\\/\"}}]}<\/script>\n<!-- \/ Yoast SEO plugin. -->","yoast_head_json":{"title":"PGA Resort y sus alrededores - Villa Lavinya 5","robots":{"index":"index","follow":"follow","max-snippet":"max-snippet:-1","max-image-preview":"max-image-preview:large","max-video-preview":"max-video-preview:-1"},"canonical":"https:\/\/www.lavinya5.eu\/es\/resort-surroundings\/","og_locale":"es_ES","og_type":"article","og_title":"PGA Resort y sus alrededores - Villa Lavinya 5","og_description":"PGA CATALUNYA GOLF AND WELLNESS PGA Catalunya Golf and Wellness es uno de los Resort l\u00edderes mundiales en cuanto a equipaci\u00f3n y servicios ofrecidos a residentes y hu\u00e9spedes.\u00a0 El complejo ofrece dos campos de golf de competici\u00f3n, un hotel de lujo 5 estrellas, una amplia oferta gatr\u00f3nomica, actividades al aire libre, club infantil y hasta&hellip;&nbsp;Leer m\u00e1s &raquo;PGA Resort y sus alrededores","og_url":"https:\/\/www.lavinya5.eu\/es\/resort-surroundings\/","og_site_name":"Villa Lavinya 5","article_modified_time":"2021-12-20T16:32:33+00:00","og_image":[{"url":"https:\/\/www.lavinya5.eu\/wp-content\/uploads\/2021\/12\/logoPGA.png","type":"","width":"","height":""}],"twitter_card":"summary_large_image","twitter_misc":{"Tiempo de lectura":"3 minutos"},"schema":{"@context":"https:\/\/schema.org","@graph":[{"@type":"WebPage","@id":"https:\/\/www.lavinya5.eu\/es\/resort-surroundings\/","url":"https:\/\/www.lavinya5.eu\/es\/resort-surroundings\/","name":"PGA Resort y sus alrededores - Villa Lavinya 5","isPartOf":{"@id":"https:\/\/www.lavinya5.eu\/#website"},"primaryImageOfPage":{"@id":"https:\/\/www.lavinya5.eu\/es\/resort-surroundings\/#primaryimage"},"image":{"@id":"https:\/\/www.lavinya5.eu\/es\/resort-surroundings\/#primaryimage"},"thumbnailUrl":"https:\/\/www.lavinya5.eu\/wp-content\/uploads\/2021\/12\/logoPGA.png","datePublished":"2021-12-09T07:01:17+00:00","dateModified":"2021-12-20T16:32:33+00:00","breadcrumb":{"@id":"https:\/\/www.lavinya5.eu\/es\/resort-surroundings\/#breadcrumb"},"inLanguage":"es","potentialAction":[{"@type":"ReadAction","target":["https:\/\/www.lavinya5.eu\/es\/resort-surroundings\/"]}]},{"@type":"ImageObject","inLanguage":"es","@id":"https:\/\/www.lavinya5.eu\/es\/resort-surroundings\/#primaryimage","url":"https:\/\/www.lavinya5.eu\/wp-content\/uploads\/2021\/12\/logoPGA.png","contentUrl":"https:\/\/www.lavinya5.eu\/wp-content\/uploads\/2021\/12\/logoPGA.png"},{"@type":"BreadcrumbList","@id":"https:\/\/www.lavinya5.eu\/es\/resort-surroundings\/#breadcrumb","itemListElement":[{"@type":"ListItem","position":1,"name":"Home","item":"https:\/\/www.lavinya5.eu\/es\/"},{"@type":"ListItem","position":2,"name":"PGA Resort y sus alrededores"}]},{"@type":"WebSite","@id":"https:\/\/www.lavinya5.eu\/#website","url":"https:\/\/www.lavinya5.eu\/","name":"Villa Lavinya 5","description":"Paradise Made Real","publisher":{"@id":"https:\/\/www.lavinya5.eu\/#organization"},"potentialAction":[{"@type":"SearchAction","target":{"@type":"EntryPoint","urlTemplate":"https:\/\/www.lavinya5.eu\/?s={search_term_string}"},"query-input":{"@type":"PropertyValueSpecification","valueRequired":true,"valueName":"search_term_string"}}],"inLanguage":"es"},{"@type":"Organization","@id":"https:\/\/www.lavinya5.eu\/#organization","name":"Villa Lavinya 5","url":"https:\/\/www.lavinya5.eu\/","logo":{"@type":"ImageObject","inLanguage":"es","@id":"https:\/\/www.lavinya5.eu\/#\/schema\/logo\/image\/","url":"https:\/\/www.lavinya5.eu\/wp-content\/uploads\/2021\/11\/la-vinya-5_CMJN_anthracite.jpg","contentUrl":"https:\/\/www.lavinya5.eu\/wp-content\/uploads\/2021\/11\/la-vinya-5_CMJN_anthracite.jpg","width":2461,"height":1517,"caption":"Villa Lavinya 5"},"image":{"@id":"https:\/\/www.lavinya5.eu\/#\/schema\/logo\/image\/"}}]}},"_links":{"self":[{"href":"https:\/\/www.lavinya5.eu\/es\/wp-json\/wp\/v2\/pages\/1288","targetHints":{"allow":["GET"]}}],"collection":[{"href":"https:\/\/www.lavinya5.eu\/es\/wp-json\/wp\/v2\/pages"}],"about":[{"href":"https:\/\/www.lavinya5.eu\/es\/wp-json\/wp\/v2\/types\/page"}],"author":[{"embeddable":true,"href":"https:\/\/www.lavinya5.eu\/es\/wp-json\/wp\/v2\/users\/2"}],"replies":[{"embeddable":true,"href":"https:\/\/www.lavinya5.eu\/es\/wp-json\/wp\/v2\/comments?post=1288"}],"version-history":[{"count":19,"href":"https:\/\/www.lavinya5.eu\/es\/wp-json\/wp\/v2\/pages\/1288\/revisions"}],"predecessor-version":[{"id":1367,"href":"https:\/\/www.lavinya5.eu\/es\/wp-json\/wp\/v2\/pages\/1288\/revisions\/1367"}],"wp:attachment":[{"href":"https:\/\/www.lavinya5.eu\/es\/wp-json\/wp\/v2\/media?parent=1288"}],"curies":[{"name":"wp","href":"https:\/\/api.w.org\/{rel}","templated":true}]}}