{"id":788,"date":"2021-11-16T07:21:06","date_gmt":"2021-11-16T06:21:06","guid":{"rendered":"https:\/\/www.lavinya5.eu\/?page_id=788"},"modified":"2022-04-22T11:06:42","modified_gmt":"2022-04-22T09:06:42","slug":"reservations","status":"publish","type":"page","link":"https:\/\/www.lavinya5.eu\/fr\/reservations\/","title":{"rendered":"Disponibilit\u00e9s"},"content":{"rendered":"\t\t<div data-elementor-type=\"wp-page\" data-elementor-id=\"788\" class=\"elementor elementor-788\" data-elementor-post-type=\"page\">\n\t\t\t\t\t\t<section class=\"elementor-section elementor-top-section elementor-element elementor-element-e108f8a elementor-section-boxed elementor-section-height-default elementor-section-height-default\" data-id=\"e108f8a\" data-element_type=\"section\" data-e-type=\"section\">\n\t\t\t\t\t\t<div class=\"elementor-container elementor-column-gap-default\">\n\t\t\t\t\t<div class=\"elementor-column elementor-col-100 elementor-top-column elementor-element elementor-element-c4644e4\" data-id=\"c4644e4\" data-element_type=\"column\" data-e-type=\"column\">\n\t\t\t<div class=\"elementor-widget-wrap elementor-element-populated\">\n\t\t\t\t\t\t<div class=\"elementor-element elementor-element-989ad97 elementor-widget elementor-widget-heading\" data-id=\"989ad97\" data-element_type=\"widget\" data-e-type=\"widget\" data-widget_type=\"heading.default\">\n\t\t\t\t<div class=\"elementor-widget-container\">\n\t\t\t\t\t<h1 class=\"elementor-heading-title elementor-size-default\">Disponibilit\u00e9 et r\u00e9servations<\/h1>\t\t\t\t<\/div>\n\t\t\t\t<\/div>\n\t\t\t\t\t<\/div>\n\t\t<\/div>\n\t\t\t\t\t<\/div>\n\t\t<\/section>\n\t\t\t\t<section class=\"elementor-section elementor-top-section elementor-element elementor-element-55285f76 elementor-section-boxed elementor-section-height-default elementor-section-height-default\" data-id=\"55285f76\" data-element_type=\"section\" data-e-type=\"section\">\n\t\t\t\t\t\t<div class=\"elementor-container elementor-column-gap-default\">\n\t\t\t\t\t<div class=\"elementor-column elementor-col-100 elementor-top-column elementor-element elementor-element-1e9f0928\" data-id=\"1e9f0928\" data-element_type=\"column\" data-e-type=\"column\">\n\t\t\t<div class=\"elementor-widget-wrap elementor-element-populated\">\n\t\t\t\t\t\t<div class=\"elementor-element elementor-element-19afdba2 elementor-widget elementor-widget-text-editor\" data-id=\"19afdba2\" data-element_type=\"widget\" data-e-type=\"widget\" data-widget_type=\"text-editor.default\">\n\t\t\t\t<div class=\"elementor-widget-container\">\n\t\t\t\t\t\t\t\t\t<p>V\u00e9rifiez ci-dessous la disponibilit\u00e9 de la villa La Vinya 5 et demandez votre r\u00e9servation pour des locations de vacances, des \u00e9v\u00e9nements, des c\u00e9l\u00e9brations ou des tournages.<\/p>\t\t\t\t\t\t\t\t<\/div>\n\t\t\t\t<\/div>\n\t\t\t\t\t<\/div>\n\t\t<\/div>\n\t\t\t\t\t<\/div>\n\t\t<\/section>\n\t\t\t\t<section class=\"elementor-section elementor-top-section elementor-element elementor-element-147165f elementor-section-boxed elementor-section-height-default elementor-section-height-default\" data-id=\"147165f\" data-element_type=\"section\" data-e-type=\"section\">\n\t\t\t\t\t\t<div class=\"elementor-container elementor-column-gap-default\">\n\t\t\t\t\t<div class=\"elementor-column elementor-col-100 elementor-top-column elementor-element elementor-element-4fd39dc\" data-id=\"4fd39dc\" data-element_type=\"column\" data-e-type=\"column\">\n\t\t\t<div class=\"elementor-widget-wrap elementor-element-populated\">\n\t\t\t\t\t\t<div class=\"elementor-element elementor-element-2cdb0ce elementor-widget elementor-widget-heading\" data-id=\"2cdb0ce\" data-element_type=\"widget\" data-e-type=\"widget\" data-widget_type=\"heading.default\">\n\t\t\t\t<div class=\"elementor-widget-container\">\n\t\t\t\t\t<h2 class=\"elementor-heading-title elementor-size-default\">Location de la Villa \u00e0 la journ\u00e9e ou \u00e0 la semaine<\/h2>\t\t\t\t<\/div>\n\t\t\t\t<\/div>\n\t\t\t\t\t<\/div>\n\t\t<\/div>\n\t\t\t\t\t<\/div>\n\t\t<\/section>\n\t\t\t\t<section class=\"elementor-section elementor-top-section elementor-element elementor-element-0265fe4 elementor-section-boxed elementor-section-height-default elementor-section-height-default\" data-id=\"0265fe4\" data-element_type=\"section\" data-e-type=\"section\">\n\t\t\t\t\t\t<div class=\"elementor-container elementor-column-gap-default\">\n\t\t\t\t\t<div class=\"elementor-column elementor-col-100 elementor-top-column elementor-element elementor-element-d3f4a9d\" data-id=\"d3f4a9d\" data-element_type=\"column\" data-e-type=\"column\">\n\t\t\t<div class=\"elementor-widget-wrap elementor-element-populated\">\n\t\t\t\t\t\t<div class=\"elementor-element elementor-element-5dd6171 elementor-widget elementor-widget-wp-widget-avaibook_widget_1\" data-id=\"5dd6171\" data-element_type=\"widget\" data-e-type=\"widget\" data-widget_type=\"wp-widget-avaibook_widget_1.default\">\n\t\t\t\t<div class=\"elementor-widget-container\">\n\t\t\t\t\t<div class=\"avaibookSearch avaibookSearch1\">\n        <form  action=\"https:\/\/www.avaibook.com\/reservas\/nueva_reserva.php\" target=\"_blank\">\n                <label for=\"avaibookArriveDate69e8093bb2992\">\n            Date d\u2019arriv\u00e9e            <input type=\"text\"  class=\"avaibookDatePicker init\" placeholder=\"\" id=\"avaibookArriveDateCalendar69e8093bb2992\" \/>\n        <\/label>\n        <input type = \"hidden\" name=\"f_ini\" class=\"avaibookDateInputInit\" id=\"avaibookArriveDateInput69e8093bb2992\" value=\"\" \/>\n        <label for=\"avaibookDepartDate69e8093bb2992\">\n            Date de d\u00e9part            <input type=\"text\"  class=\"avaibookDatePicker end\" placeholder=\"\" id=\"avaibookDepartDateCalendar69e8093bb2992\" \/>\n        <\/label>\n        <input type = \"hidden\" name=\"f_fin\" class=\"avaibookDateInputEnd\" id=\"avaibookDepartDateInput69e8093bb2992\" value=\"\" \/>\n        \n                <label for=\"avaibookGuests\">\n            Num. de client            <input type=\"text\" name=\"capacidad\" placeholder=\"Num. de client\" \/>\n        <\/label>\n        \n        <button>rechercher<\/button>\n        \n        \n                    <input type=\"hidden\" name=\"cod_alojamiento\" value=\"307793\" \/>\n        \n        \n        \n        \n        \n            <input type=\"hidden\" name=\"lang\" value=\"fr\" \/>\n        \n\n    <\/form>\n<\/div>\n\n\t\t\t\t<\/div>\n\t\t\t\t<\/div>\n\t\t\t\t\t<\/div>\n\t\t<\/div>\n\t\t\t\t\t<\/div>\n\t\t<\/section>\n\t\t\t\t<section class=\"elementor-section elementor-top-section elementor-element elementor-element-ab11ff1 elementor-section-boxed elementor-section-height-default elementor-section-height-default\" data-id=\"ab11ff1\" data-element_type=\"section\" data-e-type=\"section\">\n\t\t\t\t\t\t<div class=\"elementor-container elementor-column-gap-default\">\n\t\t\t\t\t<div class=\"elementor-column elementor-col-100 elementor-top-column elementor-element elementor-element-9afcaeb\" data-id=\"9afcaeb\" data-element_type=\"column\" data-e-type=\"column\">\n\t\t\t<div class=\"elementor-widget-wrap elementor-element-populated\">\n\t\t\t\t\t\t<div class=\"elementor-element elementor-element-abb2cb3 elementor-align-center elementor-widget elementor-widget-button\" data-id=\"abb2cb3\" data-element_type=\"widget\" data-e-type=\"widget\" data-widget_type=\"button.default\">\n\t\t\t\t<div class=\"elementor-widget-container\">\n\t\t\t\t\t\t\t\t\t<div class=\"elementor-button-wrapper\">\n\t\t\t\t\t<a class=\"elementor-button elementor-button-link elementor-size-sm\" href=\"https:\/\/www.avaibook.com\/widgets_propietarios\/loader.php?id=92829&#038;lang=FR\">\n\t\t\t\t\t\t<span class=\"elementor-button-content-wrapper\">\n\t\t\t\t\t\t\t\t\t<span class=\"elementor-button-text\">R\u00e9servez directement ici ! <\/span>\n\t\t\t\t\t<\/span>\n\t\t\t\t\t<\/a>\n\t\t\t\t<\/div>\n\t\t\t\t\t\t\t\t<\/div>\n\t\t\t\t<\/div>\n\t\t\t\t\t<\/div>\n\t\t<\/div>\n\t\t\t\t\t<\/div>\n\t\t<\/section>\n\t\t\t\t<section class=\"elementor-section elementor-top-section elementor-element elementor-element-5cf6c96 elementor-section-boxed elementor-section-height-default elementor-section-height-default\" data-id=\"5cf6c96\" data-element_type=\"section\" data-e-type=\"section\">\n\t\t\t\t\t\t<div class=\"elementor-container elementor-column-gap-default\">\n\t\t\t\t\t<div class=\"elementor-column elementor-col-100 elementor-top-column elementor-element elementor-element-7847e9c\" data-id=\"7847e9c\" data-element_type=\"column\" data-e-type=\"column\">\n\t\t\t<div class=\"elementor-widget-wrap elementor-element-populated\">\n\t\t\t\t\t\t<div class=\"elementor-element elementor-element-796c4ab elementor-widget elementor-widget-heading\" data-id=\"796c4ab\" data-element_type=\"widget\" data-e-type=\"widget\" data-widget_type=\"heading.default\">\n\t\t\t\t<div class=\"elementor-widget-container\">\n\t\t\t\t\t<h2 class=\"elementor-heading-title elementor-size-default\">Tarifs<\/h2>\t\t\t\t<\/div>\n\t\t\t\t<\/div>\n\t\t\t\t\t<\/div>\n\t\t<\/div>\n\t\t\t\t\t<\/div>\n\t\t<\/section>\n\t\t\t\t<section class=\"elementor-section elementor-top-section elementor-element elementor-element-d1f2292 elementor-section-boxed elementor-section-height-default elementor-section-height-default\" data-id=\"d1f2292\" data-element_type=\"section\" data-e-type=\"section\">\n\t\t\t\t\t\t<div class=\"elementor-container elementor-column-gap-default\">\n\t\t\t\t\t<div class=\"elementor-column elementor-col-100 elementor-top-column elementor-element elementor-element-7b5c37e\" data-id=\"7b5c37e\" data-element_type=\"column\" data-e-type=\"column\">\n\t\t\t<div class=\"elementor-widget-wrap elementor-element-populated\">\n\t\t\t\t\t\t<div class=\"elementor-element elementor-element-7d10dda elementor-widget elementor-widget-text-editor\" data-id=\"7d10dda\" data-element_type=\"widget\" data-e-type=\"widget\" data-widget_type=\"text-editor.default\">\n\t\t\t\t<div class=\"elementor-widget-container\">\n\t\t\t\t\t\t\t\t\t<p>950\u20ac\/nuit en basse saison (d&rsquo;octobre \u00e0 avril)<\/p>\n<p>1.250\u20ac\/nuit en moyenne saison (septembre, octobre, mai, juin et jours f\u00e9ri\u00e9s)<\/p>\n<p>1.500\u20ac\/nuit en haute saison (juillet, ao\u00fbt, N\u00f6el et P\u00e2que)<\/p><p>Le service de nettoyage final, c&rsquo;est obligatoire et pas compris dans le tarif (350\u20ac total)<\/p><p>Pour n&rsquo;importe quel doute ou information compl\u00e9mentaire n&rsquo;h\u00e9sitez pas \u00e0 nous contacter.<\/p>\t\t\t\t\t\t\t\t<\/div>\n\t\t\t\t<\/div>\n\t\t\t\t\t<\/div>\n\t\t<\/div>\n\t\t\t\t\t<\/div>\n\t\t<\/section>\n\t\t\t\t<section class=\"elementor-section elementor-top-section elementor-element elementor-element-0f287a6 elementor-section-boxed elementor-section-height-default elementor-section-height-default\" data-id=\"0f287a6\" data-element_type=\"section\" data-e-type=\"section\">\n\t\t\t\t\t\t<div class=\"elementor-container elementor-column-gap-default\">\n\t\t\t\t\t<div class=\"elementor-column elementor-col-100 elementor-top-column elementor-element elementor-element-26024df\" data-id=\"26024df\" data-element_type=\"column\" data-e-type=\"column\">\n\t\t\t<div class=\"elementor-widget-wrap elementor-element-populated\">\n\t\t\t\t\t\t<div class=\"elementor-element elementor-element-a554ab7 elementor-align-center elementor-widget elementor-widget-button\" data-id=\"a554ab7\" data-element_type=\"widget\" data-e-type=\"widget\" data-widget_type=\"button.default\">\n\t\t\t\t<div class=\"elementor-widget-container\">\n\t\t\t\t\t\t\t\t\t<div class=\"elementor-button-wrapper\">\n\t\t\t\t\t<a class=\"elementor-button elementor-button-link elementor-size-sm\" href=\"https:\/\/www.lavinya5.eu\/contact\/\">\n\t\t\t\t\t\t<span class=\"elementor-button-content-wrapper\">\n\t\t\t\t\t\t\t\t\t<span class=\"elementor-button-text\">Questions? Contactez nous! <\/span>\n\t\t\t\t\t<\/span>\n\t\t\t\t\t<\/a>\n\t\t\t\t<\/div>\n\t\t\t\t\t\t\t\t<\/div>\n\t\t\t\t<\/div>\n\t\t\t\t\t<\/div>\n\t\t<\/div>\n\t\t\t\t\t<\/div>\n\t\t<\/section>\n\t\t\t\t<\/div>\n\t\t","protected":false},"excerpt":{"rendered":"<p>Disponibilit\u00e9 et r\u00e9servations V\u00e9rifiez ci-dessous la disponibilit\u00e9 de la villa La Vinya 5 et demandez votre r\u00e9servation pour des locations de vacances, des \u00e9v\u00e9nements, des c\u00e9l\u00e9brations ou des tournages. Location de la Villa \u00e0 la journ\u00e9e ou \u00e0 la semaine R\u00e9servez directement ici ! Tarifs 950\u20ac\/nuit en basse saison (d&rsquo;octobre \u00e0 avril) 1.250\u20ac\/nuit en moyenne&hellip;&nbsp;<a href=\"https:\/\/www.lavinya5.eu\/fr\/reservations\/\" class=\"\" rel=\"bookmark\">Lire la suite &raquo;<span class=\"screen-reader-text\">Disponibilit\u00e9s<\/span><\/a><\/p>\n","protected":false},"author":2,"featured_media":0,"parent":0,"menu_order":0,"comment_status":"closed","ping_status":"closed","template":"page-templates\/template-pagebuilder-full-width.php","meta":{"neve_meta_sidebar":"","neve_meta_container":"","neve_meta_enable_content_width":"","neve_meta_content_width":0,"neve_meta_title_alignment":"","neve_meta_author_avatar":"","neve_post_elements_order":"","neve_meta_disable_header":"","neve_meta_disable_footer":"","neve_meta_disable_title":"","footnotes":""},"class_list":["post-788","page","type-page","status-publish","hentry"],"yoast_head":"<!-- This site is optimized with the Yoast SEO plugin v27.4 - https:\/\/yoast.com\/product\/yoast-seo-wordpress\/ -->\n<title>Disponibilit\u00e9s - Villa Lavinya 5<\/title>\n<meta name=\"robots\" content=\"index, follow, max-snippet:-1, max-image-preview:large, max-video-preview:-1\" \/>\n<link rel=\"canonical\" href=\"https:\/\/www.lavinya5.eu\/fr\/reservations\/\" \/>\n<meta property=\"og:locale\" content=\"fr_FR\" \/>\n<meta property=\"og:type\" content=\"article\" \/>\n<meta property=\"og:title\" content=\"Disponibilit\u00e9s - Villa Lavinya 5\" \/>\n<meta property=\"og:description\" content=\"Disponibilit\u00e9 et r\u00e9servations V\u00e9rifiez ci-dessous la disponibilit\u00e9 de la villa La Vinya 5 et demandez votre r\u00e9servation pour des locations de vacances, des \u00e9v\u00e9nements, des c\u00e9l\u00e9brations ou des tournages. Location de la Villa \u00e0 la journ\u00e9e ou \u00e0 la semaine R\u00e9servez directement ici ! Tarifs 950\u20ac\/nuit en basse saison (d&rsquo;octobre \u00e0 avril) 1.250\u20ac\/nuit en moyenne&hellip;&nbsp;Lire la suite &raquo;Disponibilit\u00e9s\" \/>\n<meta property=\"og:url\" content=\"https:\/\/www.lavinya5.eu\/fr\/reservations\/\" \/>\n<meta property=\"og:site_name\" content=\"Villa Lavinya 5\" \/>\n<meta property=\"article:modified_time\" content=\"2022-04-22T09:06:42+00:00\" \/>\n<meta name=\"twitter:card\" content=\"summary_large_image\" \/>\n<meta name=\"twitter:label1\" content=\"Dur\u00e9e de lecture estim\u00e9e\" \/>\n\t<meta name=\"twitter:data1\" content=\"1 minute\" \/>\n<script type=\"application\/ld+json\" class=\"yoast-schema-graph\">{\"@context\":\"https:\\\/\\\/schema.org\",\"@graph\":[{\"@type\":\"WebPage\",\"@id\":\"https:\\\/\\\/www.lavinya5.eu\\\/fr\\\/reservations\\\/\",\"url\":\"https:\\\/\\\/www.lavinya5.eu\\\/fr\\\/reservations\\\/\",\"name\":\"Disponibilit\u00e9s - Villa Lavinya 5\",\"isPartOf\":{\"@id\":\"https:\\\/\\\/www.lavinya5.eu\\\/#website\"},\"datePublished\":\"2021-11-16T06:21:06+00:00\",\"dateModified\":\"2022-04-22T09:06:42+00:00\",\"breadcrumb\":{\"@id\":\"https:\\\/\\\/www.lavinya5.eu\\\/fr\\\/reservations\\\/#breadcrumb\"},\"inLanguage\":\"fr-FR\",\"potentialAction\":[{\"@type\":\"ReadAction\",\"target\":[\"https:\\\/\\\/www.lavinya5.eu\\\/fr\\\/reservations\\\/\"]}]},{\"@type\":\"BreadcrumbList\",\"@id\":\"https:\\\/\\\/www.lavinya5.eu\\\/fr\\\/reservations\\\/#breadcrumb\",\"itemListElement\":[{\"@type\":\"ListItem\",\"position\":1,\"name\":\"Home\",\"item\":\"https:\\\/\\\/www.lavinya5.eu\\\/fr\\\/\"},{\"@type\":\"ListItem\",\"position\":2,\"name\":\"Disponibilit\u00e9s\"}]},{\"@type\":\"WebSite\",\"@id\":\"https:\\\/\\\/www.lavinya5.eu\\\/#website\",\"url\":\"https:\\\/\\\/www.lavinya5.eu\\\/\",\"name\":\"Villa Lavinya 5\",\"description\":\"Paradise Made Real\",\"publisher\":{\"@id\":\"https:\\\/\\\/www.lavinya5.eu\\\/#organization\"},\"potentialAction\":[{\"@type\":\"SearchAction\",\"target\":{\"@type\":\"EntryPoint\",\"urlTemplate\":\"https:\\\/\\\/www.lavinya5.eu\\\/?s={search_term_string}\"},\"query-input\":{\"@type\":\"PropertyValueSpecification\",\"valueRequired\":true,\"valueName\":\"search_term_string\"}}],\"inLanguage\":\"fr-FR\"},{\"@type\":\"Organization\",\"@id\":\"https:\\\/\\\/www.lavinya5.eu\\\/#organization\",\"name\":\"Villa Lavinya 5\",\"url\":\"https:\\\/\\\/www.lavinya5.eu\\\/\",\"logo\":{\"@type\":\"ImageObject\",\"inLanguage\":\"fr-FR\",\"@id\":\"https:\\\/\\\/www.lavinya5.eu\\\/#\\\/schema\\\/logo\\\/image\\\/\",\"url\":\"https:\\\/\\\/www.lavinya5.eu\\\/wp-content\\\/uploads\\\/2021\\\/11\\\/la-vinya-5_CMJN_anthracite.jpg\",\"contentUrl\":\"https:\\\/\\\/www.lavinya5.eu\\\/wp-content\\\/uploads\\\/2021\\\/11\\\/la-vinya-5_CMJN_anthracite.jpg\",\"width\":2461,\"height\":1517,\"caption\":\"Villa Lavinya 5\"},\"image\":{\"@id\":\"https:\\\/\\\/www.lavinya5.eu\\\/#\\\/schema\\\/logo\\\/image\\\/\"}}]}<\/script>\n<!-- \/ Yoast SEO plugin. -->","yoast_head_json":{"title":"Disponibilit\u00e9s - Villa Lavinya 5","robots":{"index":"index","follow":"follow","max-snippet":"max-snippet:-1","max-image-preview":"max-image-preview:large","max-video-preview":"max-video-preview:-1"},"canonical":"https:\/\/www.lavinya5.eu\/fr\/reservations\/","og_locale":"fr_FR","og_type":"article","og_title":"Disponibilit\u00e9s - Villa Lavinya 5","og_description":"Disponibilit\u00e9 et r\u00e9servations V\u00e9rifiez ci-dessous la disponibilit\u00e9 de la villa La Vinya 5 et demandez votre r\u00e9servation pour des locations de vacances, des \u00e9v\u00e9nements, des c\u00e9l\u00e9brations ou des tournages. Location de la Villa \u00e0 la journ\u00e9e ou \u00e0 la semaine R\u00e9servez directement ici ! Tarifs 950\u20ac\/nuit en basse saison (d&rsquo;octobre \u00e0 avril) 1.250\u20ac\/nuit en moyenne&hellip;&nbsp;Lire la suite &raquo;Disponibilit\u00e9s","og_url":"https:\/\/www.lavinya5.eu\/fr\/reservations\/","og_site_name":"Villa Lavinya 5","article_modified_time":"2022-04-22T09:06:42+00:00","twitter_card":"summary_large_image","twitter_misc":{"Dur\u00e9e de lecture estim\u00e9e":"1 minute"},"schema":{"@context":"https:\/\/schema.org","@graph":[{"@type":"WebPage","@id":"https:\/\/www.lavinya5.eu\/fr\/reservations\/","url":"https:\/\/www.lavinya5.eu\/fr\/reservations\/","name":"Disponibilit\u00e9s - Villa Lavinya 5","isPartOf":{"@id":"https:\/\/www.lavinya5.eu\/#website"},"datePublished":"2021-11-16T06:21:06+00:00","dateModified":"2022-04-22T09:06:42+00:00","breadcrumb":{"@id":"https:\/\/www.lavinya5.eu\/fr\/reservations\/#breadcrumb"},"inLanguage":"fr-FR","potentialAction":[{"@type":"ReadAction","target":["https:\/\/www.lavinya5.eu\/fr\/reservations\/"]}]},{"@type":"BreadcrumbList","@id":"https:\/\/www.lavinya5.eu\/fr\/reservations\/#breadcrumb","itemListElement":[{"@type":"ListItem","position":1,"name":"Home","item":"https:\/\/www.lavinya5.eu\/fr\/"},{"@type":"ListItem","position":2,"name":"Disponibilit\u00e9s"}]},{"@type":"WebSite","@id":"https:\/\/www.lavinya5.eu\/#website","url":"https:\/\/www.lavinya5.eu\/","name":"Villa Lavinya 5","description":"Paradise Made Real","publisher":{"@id":"https:\/\/www.lavinya5.eu\/#organization"},"potentialAction":[{"@type":"SearchAction","target":{"@type":"EntryPoint","urlTemplate":"https:\/\/www.lavinya5.eu\/?s={search_term_string}"},"query-input":{"@type":"PropertyValueSpecification","valueRequired":true,"valueName":"search_term_string"}}],"inLanguage":"fr-FR"},{"@type":"Organization","@id":"https:\/\/www.lavinya5.eu\/#organization","name":"Villa Lavinya 5","url":"https:\/\/www.lavinya5.eu\/","logo":{"@type":"ImageObject","inLanguage":"fr-FR","@id":"https:\/\/www.lavinya5.eu\/#\/schema\/logo\/image\/","url":"https:\/\/www.lavinya5.eu\/wp-content\/uploads\/2021\/11\/la-vinya-5_CMJN_anthracite.jpg","contentUrl":"https:\/\/www.lavinya5.eu\/wp-content\/uploads\/2021\/11\/la-vinya-5_CMJN_anthracite.jpg","width":2461,"height":1517,"caption":"Villa Lavinya 5"},"image":{"@id":"https:\/\/www.lavinya5.eu\/#\/schema\/logo\/image\/"}}]}},"_links":{"self":[{"href":"https:\/\/www.lavinya5.eu\/fr\/wp-json\/wp\/v2\/pages\/788","targetHints":{"allow":["GET"]}}],"collection":[{"href":"https:\/\/www.lavinya5.eu\/fr\/wp-json\/wp\/v2\/pages"}],"about":[{"href":"https:\/\/www.lavinya5.eu\/fr\/wp-json\/wp\/v2\/types\/page"}],"author":[{"embeddable":true,"href":"https:\/\/www.lavinya5.eu\/fr\/wp-json\/wp\/v2\/users\/2"}],"replies":[{"embeddable":true,"href":"https:\/\/www.lavinya5.eu\/fr\/wp-json\/wp\/v2\/comments?post=788"}],"version-history":[{"count":32,"href":"https:\/\/www.lavinya5.eu\/fr\/wp-json\/wp\/v2\/pages\/788\/revisions"}],"predecessor-version":[{"id":1438,"href":"https:\/\/www.lavinya5.eu\/fr\/wp-json\/wp\/v2\/pages\/788\/revisions\/1438"}],"wp:attachment":[{"href":"https:\/\/www.lavinya5.eu\/fr\/wp-json\/wp\/v2\/media?parent=788"}],"curies":[{"name":"wp","href":"https:\/\/api.w.org\/{rel}","templated":true}]}}